{"id":21,"date":"2025-08-04T09:30:40","date_gmt":"2025-08-04T09:30:40","guid":{"rendered":"https:\/\/antoniojosebalado.rkinformatika.online\/?page_id=21"},"modified":"2026-03-17T17:11:54","modified_gmt":"2026-03-17T17:11:54","slug":"productos","status":"publish","type":"page","link":"https:\/\/antoniojosebalado.com\/en\/productos\/","title":{"rendered":"Products"},"content":{"rendered":"<div data-elementor-type=\"wp-page\" data-elementor-id=\"21\" class=\"elementor elementor-21\" data-elementor-post-type=\"page\">\n\t\t\t\t<div class=\"elementor-element elementor-element-96c0878 e-flex e-con-boxed e-con e-parent\" data-id=\"96c0878\" data-element_type=\"container\" data-e-type=\"container\" data-settings=\"{&quot;background_background&quot;:&quot;classic&quot;}\">\n\t\t\t\t\t<div class=\"e-con-inner\">\n\t\t\t\t<div class=\"elementor-element elementor-element-d8b1554 elementor-widget__width-initial elementor-widget-mobile__width-inherit elementor-invisible elementor-widget elementor-widget-heading\" data-id=\"d8b1554\" data-element_type=\"widget\" data-e-type=\"widget\" data-settings=\"{&quot;_animation&quot;:&quot;fadeInLeft&quot;}\" data-widget_type=\"heading.default\">\n\t\t\t\t\t<h1 class=\"elementor-heading-title elementor-size-default\">Productos &amp; <br>\nServicios<\/h1>\t\t\t\t<\/div>\n\t\t\t\t\t<\/div>\n\t\t\t\t<\/div>\n\t\t<div class=\"elementor-element elementor-element-fbdf342 e-flex e-con-boxed e-con e-parent\" data-id=\"fbdf342\" data-element_type=\"container\" data-e-type=\"container\">\n\t\t\t\t\t<div class=\"e-con-inner\">\n\t\t<div class=\"elementor-element elementor-element-a1639b7 e-con-full e-flex e-con e-child\" data-id=\"a1639b7\" data-element_type=\"container\" data-e-type=\"container\" data-settings=\"{&quot;background_background&quot;:&quot;classic&quot;}\">\n\t\t\t\t<div class=\"elementor-element elementor-element-fa7fb74 elementor-widget elementor-widget-image\" data-id=\"fa7fb74\" data-element_type=\"widget\" data-e-type=\"widget\" data-widget_type=\"image.default\">\n\t\t\t\t\t\t\t\t\t\t\t\t\t\t\t<img fetchpriority=\"high\" decoding=\"async\" width=\"800\" height=\"534\" src=\"https:\/\/antoniojosebalado.com\/wp-content\/uploads\/2025\/08\/619-1024x683.jpg\" class=\"attachment-large size-large wp-image-175\" alt=\"\" srcset=\"https:\/\/antoniojosebalado.com\/wp-content\/uploads\/2025\/08\/619-1024x683.jpg 1024w, https:\/\/antoniojosebalado.com\/wp-content\/uploads\/2025\/08\/619-300x200.jpg 300w, https:\/\/antoniojosebalado.com\/wp-content\/uploads\/2025\/08\/619-768x513.jpg 768w, https:\/\/antoniojosebalado.com\/wp-content\/uploads\/2025\/08\/619-18x12.jpg 18w, https:\/\/antoniojosebalado.com\/wp-content\/uploads\/2025\/08\/619.jpg 1500w\" sizes=\"(max-width: 800px) 100vw, 800px\" \/>\t\t\t\t\t\t\t\t\t\t\t\t\t\t\t<\/div>\n\t\t\t\t<div class=\"elementor-element elementor-element-37e12cd elementor-widget elementor-widget-heading\" data-id=\"37e12cd\" data-element_type=\"widget\" data-e-type=\"widget\" data-widget_type=\"heading.default\">\n\t\t\t\t\t<h2 class=\"elementor-heading-title elementor-size-default\">Juguetes y Pelotas<\/h2>\t\t\t\t<\/div>\n\t\t\t\t<div class=\"elementor-element elementor-element-ef71964 elementor-widget elementor-widget-text-editor\" data-id=\"ef71964\" data-element_type=\"widget\" data-e-type=\"widget\" data-widget_type=\"text-editor.default\">\n\t\t\t\t\t\t\t\t\t<p data-start=\"494\" data-end=\"570\">Disponemos de una gran variedad de art\u00edculos para lanzar durante el desfile:<\/p><ul data-start=\"571\" data-end=\"738\"><li data-start=\"571\" data-end=\"612\"><p data-start=\"573\" data-end=\"612\">Pelotas de diferentes tama\u00f1os y colores<\/p><\/li><li data-start=\"613\" data-end=\"655\"><p data-start=\"615\" data-end=\"655\">Juguetes peque\u00f1os, seguros y resistentes<\/p><\/li><\/ul>\t\t\t\t\t\t\t\t<\/div>\n\t\t\t\t<\/div>\n\t\t<div class=\"elementor-element elementor-element-1f1a598 e-con-full e-flex e-con e-child\" data-id=\"1f1a598\" data-element_type=\"container\" data-e-type=\"container\" data-settings=\"{&quot;background_background&quot;:&quot;classic&quot;}\">\n\t\t\t\t<div class=\"elementor-element elementor-element-b1f4a68 elementor-widget elementor-widget-image\" data-id=\"b1f4a68\" data-element_type=\"widget\" data-e-type=\"widget\" data-widget_type=\"image.default\">\n\t\t\t\t\t\t\t\t\t\t\t\t\t\t\t<img decoding=\"async\" width=\"800\" height=\"534\" src=\"https:\/\/antoniojosebalado.com\/wp-content\/uploads\/2025\/08\/15075-1024x683.jpg\" class=\"attachment-large size-large wp-image-176\" alt=\"\" srcset=\"https:\/\/antoniojosebalado.com\/wp-content\/uploads\/2025\/08\/15075-1024x683.jpg 1024w, https:\/\/antoniojosebalado.com\/wp-content\/uploads\/2025\/08\/15075-300x200.jpg 300w, https:\/\/antoniojosebalado.com\/wp-content\/uploads\/2025\/08\/15075-768x513.jpg 768w, https:\/\/antoniojosebalado.com\/wp-content\/uploads\/2025\/08\/15075-18x12.jpg 18w, https:\/\/antoniojosebalado.com\/wp-content\/uploads\/2025\/08\/15075.jpg 1500w\" sizes=\"(max-width: 800px) 100vw, 800px\" \/>\t\t\t\t\t\t\t\t\t\t\t\t\t\t\t<\/div>\n\t\t\t\t<div class=\"elementor-element elementor-element-00acb75 elementor-widget elementor-widget-heading\" data-id=\"00acb75\" data-element_type=\"widget\" data-e-type=\"widget\" data-widget_type=\"heading.default\">\n\t\t\t\t\t<h2 class=\"elementor-heading-title elementor-size-default\">Chucher\u00edas y Golosinas<\/h2>\t\t\t\t<\/div>\n\t\t\t\t<div class=\"elementor-element elementor-element-33cc8d0 elementor-widget elementor-widget-text-editor\" data-id=\"33cc8d0\" data-element_type=\"widget\" data-e-type=\"widget\" data-widget_type=\"text-editor.default\">\n\t\t\t\t\t\t\t\t\t<ul><li data-start=\"775\" data-end=\"823\"><p data-start=\"777\" data-end=\"823\">Bolsas surtidas para lanzar desde las carrozas<\/p><\/li><li data-start=\"824\" data-end=\"861\"><p data-start=\"826\" data-end=\"861\">Chucher\u00edas individuales y por kilos<\/p><\/li><li data-start=\"862\" data-end=\"923\"><p data-start=\"864\" data-end=\"923\">Productos aptos para cel\u00edacos y sin al\u00e9rgenos (bajo pedido)<\/p><\/li><\/ul>\t\t\t\t\t\t\t\t<\/div>\n\t\t\t\t<\/div>\n\t\t\t\t\t<\/div>\n\t\t\t\t<\/div>\n\t\t<div class=\"elementor-element elementor-element-4cc4a85 e-flex e-con-boxed e-con e-parent\" data-id=\"4cc4a85\" data-element_type=\"container\" data-e-type=\"container\">\n\t\t\t\t\t<div class=\"e-con-inner\">\n\t\t<div class=\"elementor-element elementor-element-c96574b e-con-full e-flex e-con e-child\" data-id=\"c96574b\" data-element_type=\"container\" data-e-type=\"container\" data-settings=\"{&quot;background_background&quot;:&quot;classic&quot;}\">\n\t\t\t\t<div class=\"elementor-element elementor-element-b328d66 elementor-widget elementor-widget-image\" data-id=\"b328d66\" data-element_type=\"widget\" data-e-type=\"widget\" data-widget_type=\"image.default\">\n\t\t\t\t\t\t\t\t\t\t\t\t\t\t\t<img decoding=\"async\" width=\"800\" height=\"534\" src=\"https:\/\/antoniojosebalado.com\/wp-content\/uploads\/2025\/08\/8440155-1024x683.jpg\" class=\"attachment-large size-large wp-image-181\" alt=\"\" srcset=\"https:\/\/antoniojosebalado.com\/wp-content\/uploads\/2025\/08\/8440155-1024x683.jpg 1024w, https:\/\/antoniojosebalado.com\/wp-content\/uploads\/2025\/08\/8440155-300x200.jpg 300w, https:\/\/antoniojosebalado.com\/wp-content\/uploads\/2025\/08\/8440155-768x512.jpg 768w, https:\/\/antoniojosebalado.com\/wp-content\/uploads\/2025\/08\/8440155-18x12.jpg 18w, https:\/\/antoniojosebalado.com\/wp-content\/uploads\/2025\/08\/8440155.jpg 1500w\" sizes=\"(max-width: 800px) 100vw, 800px\" \/>\t\t\t\t\t\t\t\t\t\t\t\t\t\t\t<\/div>\n\t\t\t\t<div class=\"elementor-element elementor-element-9a3141c elementor-widget elementor-widget-heading\" data-id=\"9a3141c\" data-element_type=\"widget\" data-e-type=\"widget\" data-widget_type=\"heading.default\">\n\t\t\t\t\t<h2 class=\"elementor-heading-title elementor-size-default\">Alquiler de Carrozas y Veh\u00edculos<\/h2>\t\t\t\t<\/div>\n\t\t\t\t<div class=\"elementor-element elementor-element-7db07ca elementor-widget elementor-widget-text-editor\" data-id=\"7db07ca\" data-element_type=\"widget\" data-e-type=\"widget\" data-widget_type=\"text-editor.default\">\n\t\t\t\t\t\t\t\t\t<p data-start=\"1265\" data-end=\"1321\">Ponemos a disposici\u00f3n todo lo necesario para el desfile:<\/p><ul data-start=\"1322\" data-end=\"1507\"><li data-start=\"1322\" data-end=\"1384\"><p data-start=\"1324\" data-end=\"1384\">Carrozas decoradas y adaptadas para lanzamientos seguros<\/p><\/li><li data-start=\"1385\" data-end=\"1447\"><p data-start=\"1387\" data-end=\"1447\">Furgonetas y veh\u00edculos auxiliares para log\u00edstica y apoyo<\/p><\/li><li data-start=\"1448\" data-end=\"1507\"><p data-start=\"1450\" data-end=\"1507\">Servicio de entrega y recogida (consultar disponibilidad)<\/p><\/li><\/ul>\t\t\t\t\t\t\t\t<\/div>\n\t\t\t\t<\/div>\n\t\t<div class=\"elementor-element elementor-element-650d4d0 e-con-full e-flex e-con e-child\" data-id=\"650d4d0\" data-element_type=\"container\" data-e-type=\"container\" data-settings=\"{&quot;background_background&quot;:&quot;classic&quot;}\">\n\t\t\t\t<div class=\"elementor-element elementor-element-37c32a0 elementor-widget elementor-widget-image\" data-id=\"37c32a0\" data-element_type=\"widget\" data-e-type=\"widget\" data-widget_type=\"image.default\">\n\t\t\t\t\t\t\t\t\t\t\t\t\t\t\t<img loading=\"lazy\" decoding=\"async\" width=\"800\" height=\"534\" src=\"https:\/\/antoniojosebalado.com\/wp-content\/uploads\/2025\/08\/Sin-titulo-1500-x-800-px-1-1024x683.png\" class=\"attachment-large size-large wp-image-190\" alt=\"\" srcset=\"https:\/\/antoniojosebalado.com\/wp-content\/uploads\/2025\/08\/Sin-titulo-1500-x-800-px-1-1024x683.png 1024w, https:\/\/antoniojosebalado.com\/wp-content\/uploads\/2025\/08\/Sin-titulo-1500-x-800-px-1-300x200.png 300w, https:\/\/antoniojosebalado.com\/wp-content\/uploads\/2025\/08\/Sin-titulo-1500-x-800-px-1-768x512.png 768w, https:\/\/antoniojosebalado.com\/wp-content\/uploads\/2025\/08\/Sin-titulo-1500-x-800-px-1-18x12.png 18w, https:\/\/antoniojosebalado.com\/wp-content\/uploads\/2025\/08\/Sin-titulo-1500-x-800-px-1.png 1500w\" sizes=\"(max-width: 800px) 100vw, 800px\" \/>\t\t\t\t\t\t\t\t\t\t\t\t\t\t\t<\/div>\n\t\t\t\t<div class=\"elementor-element elementor-element-627d507 elementor-widget elementor-widget-heading\" data-id=\"627d507\" data-element_type=\"widget\" data-e-type=\"widget\" data-widget_type=\"heading.default\">\n\t\t\t\t\t<h2 class=\"elementor-heading-title elementor-size-default\">Vestuario para Cabalgatas<\/h2>\t\t\t\t<\/div>\n\t\t\t\t<div class=\"elementor-element elementor-element-71ac6c4 elementor-widget elementor-widget-text-editor\" data-id=\"71ac6c4\" data-element_type=\"widget\" data-e-type=\"widget\" data-widget_type=\"text-editor.default\">\n\t\t\t\t\t\t\t\t\t<p data-start=\"963\" data-end=\"1006\">Ofrecemos trajes completos de gran calidad:<\/p><ul data-start=\"1007\" data-end=\"1218\"><li data-start=\"1007\" data-end=\"1070\"><p data-start=\"1009\" data-end=\"1070\">Reyes Magos: t\u00fanicas, capas, coronas, barbas y accesorios<\/p><\/li><li data-start=\"1071\" data-end=\"1129\"><p data-start=\"1073\" data-end=\"1129\">Beduinos\/as: vestuario tradicional para acompa\u00f1antes<\/p><\/li><li data-start=\"1130\" data-end=\"1186\"><p data-start=\"1132\" data-end=\"1186\">Pajes reales, pastores, personajes navide\u00f1os, etc.<\/p><\/li><\/ul>\t\t\t\t\t\t\t\t<\/div>\n\t\t\t\t<\/div>\n\t\t\t\t\t<\/div>\n\t\t\t\t<\/div>\n\t\t<div class=\"elementor-element elementor-element-1230588 e-con-full e-flex e-con e-parent\" data-id=\"1230588\" data-element_type=\"container\" data-e-type=\"container\" data-settings=\"{&quot;background_background&quot;:&quot;classic&quot;}\">\n\t\t\t\t<div class=\"elementor-element elementor-element-ece1497 elementor-cta--skin-cover elementor-cta--valign-middle elementor-animated-content elementor-bg-transform elementor-bg-transform-zoom-in elementor-widget elementor-widget-call-to-action\" data-id=\"ece1497\" data-element_type=\"widget\" data-e-type=\"widget\" data-widget_type=\"call-to-action.default\">\n\t\t\t\t\t\t\t<div class=\"elementor-cta\">\n\t\t\t\t\t<div class=\"elementor-cta__bg-wrapper\">\n\t\t\t\t<div class=\"elementor-cta__bg elementor-bg\" style=\"background-image: url(https:\/\/antoniojosebalado.com\/wp-content\/uploads\/2025\/08\/Sin-titulo-1500-x-800-px.png);\" role=\"img\" aria-label=\"Sin t\u00edtulo (1500 x 800 px)\"><\/div>\n\t\t\t\t<div class=\"elementor-cta__bg-overlay\"><\/div>\n\t\t\t<\/div>\n\t\t\t\t\t\t\t<div class=\"elementor-cta__content\">\n\t\t\t\t\n\t\t\t\t\t\t\t\t\t<h3 class=\"elementor-cta__title elementor-cta__content-item elementor-content-item elementor-animated-item--grow\">\n\t\t\t\t\t\t\u00bfQuieres m\u00e1s informaci\u00f3n sobre productos o alquileres?\t\t\t\t\t<\/h3>\n\t\t\t\t\n\t\t\t\t\t\t\t\t\t<div class=\"elementor-cta__description elementor-cta__content-item elementor-content-item elementor-animated-item--grow\">\n\t\t\t\t\t\tContacta con nosotros y empieza a preparar tu cabalgata con confianza.\t\t\t\t\t<\/div>\n\t\t\t\t\n\t\t\t\t\t\t\t\t\t<div class=\"elementor-cta__button-wrapper elementor-cta__content-item elementor-content-item elementor-animated-item--grow\">\n\t\t\t\t\t<a class=\"elementor-cta__button elementor-button elementor-size-\" href=\"https:\/\/antoniojosebalado.com\/en\/contacto\/\">\n\t\t\t\t\t\tContact\t\t\t\t\t<\/a>\n\t\t\t\t\t<\/div>\n\t\t\t\t\t\t\t<\/div>\n\t\t\t\t\t\t<\/div>\n\t\t\t\t\t\t<\/div>\n\t\t\t\t<\/div>\n\t\t\t\t<\/div>","protected":false},"excerpt":{"rendered":"<p>Productos &amp; Servicios Juguetes y Pelotas Disponemos de una gran variedad de art\u00edculos para lanzar durante el desfile: Pelotas de diferentes tama\u00f1os y colores Juguetes peque\u00f1os, seguros y resistentes Chucher\u00edas y Golosinas Bolsas surtidas para lanzar desde las carrozas Chucher\u00edas individuales y por kilos Productos aptos para cel\u00edacos y sin al\u00e9rgenos (bajo pedido) Alquiler de [&hellip;]<\/p>\n","protected":false},"author":1,"featured_media":0,"parent":0,"menu_order":0,"comment_status":"closed","ping_status":"closed","template":"elementor_canvas","meta":{"footnotes":""},"class_list":["post-21","page","type-page","status-publish","hentry"],"yoast_head":"<!-- This site is optimized with the Yoast SEO plugin v27.3 - https:\/\/yoast.com\/product\/yoast-seo-wordpress\/ -->\n<title>Productos - Juguetes Baes Cabalgatas<\/title>\n<meta name=\"robots\" content=\"index, follow, max-snippet:-1, max-image-preview:large, max-video-preview:-1\" \/>\n<link rel=\"canonical\" href=\"https:\/\/antoniojosebalado.com\/en\/productos\/\" \/>\n<meta property=\"og:locale\" content=\"en_GB\" \/>\n<meta property=\"og:type\" content=\"article\" \/>\n<meta property=\"og:title\" content=\"Productos - Juguetes Baes Cabalgatas\" \/>\n<meta property=\"og:description\" content=\"Productos &amp; Servicios Juguetes y Pelotas Disponemos de una gran variedad de art\u00edculos para lanzar durante el desfile: Pelotas de diferentes tama\u00f1os y colores Juguetes peque\u00f1os, seguros y resistentes Chucher\u00edas y Golosinas Bolsas surtidas para lanzar desde las carrozas Chucher\u00edas individuales y por kilos Productos aptos para cel\u00edacos y sin al\u00e9rgenos (bajo pedido) Alquiler de [&hellip;]\" \/>\n<meta property=\"og:url\" content=\"https:\/\/antoniojosebalado.com\/en\/productos\/\" \/>\n<meta property=\"og:site_name\" content=\"Juguetes Baes Cabalgatas\" \/>\n<meta property=\"article:modified_time\" content=\"2026-03-17T17:11:54+00:00\" \/>\n<meta property=\"og:image\" content=\"https:\/\/antoniojosebalado.com\/wp-content\/uploads\/2025\/08\/619.jpg\" \/>\n\t<meta property=\"og:image:width\" content=\"1500\" \/>\n\t<meta property=\"og:image:height\" content=\"1001\" \/>\n\t<meta property=\"og:image:type\" content=\"image\/jpeg\" \/>\n<meta name=\"twitter:card\" content=\"summary_large_image\" \/>\n<meta name=\"twitter:label1\" content=\"Estimated reading time\" \/>\n\t<meta name=\"twitter:data1\" content=\"1 minute\" \/>\n<script type=\"application\/ld+json\" class=\"yoast-schema-graph\">{\"@context\":\"https:\\\/\\\/schema.org\",\"@graph\":[{\"@type\":\"WebPage\",\"@id\":\"https:\\\/\\\/antoniojosebalado.com\\\/productos\\\/\",\"url\":\"https:\\\/\\\/antoniojosebalado.com\\\/productos\\\/\",\"name\":\"Productos - Juguetes Baes Cabalgatas\",\"isPartOf\":{\"@id\":\"https:\\\/\\\/antoniojosebalado.com\\\/#website\"},\"primaryImageOfPage\":{\"@id\":\"https:\\\/\\\/antoniojosebalado.com\\\/productos\\\/#primaryimage\"},\"image\":{\"@id\":\"https:\\\/\\\/antoniojosebalado.com\\\/productos\\\/#primaryimage\"},\"thumbnailUrl\":\"https:\\\/\\\/antoniojosebalado.com\\\/wp-content\\\/uploads\\\/2025\\\/08\\\/619-1024x683.jpg\",\"datePublished\":\"2025-08-04T09:30:40+00:00\",\"dateModified\":\"2026-03-17T17:11:54+00:00\",\"breadcrumb\":{\"@id\":\"https:\\\/\\\/antoniojosebalado.com\\\/productos\\\/#breadcrumb\"},\"inLanguage\":\"en-GB\",\"potentialAction\":[{\"@type\":\"ReadAction\",\"target\":[\"https:\\\/\\\/antoniojosebalado.com\\\/productos\\\/\"]}]},{\"@type\":\"ImageObject\",\"inLanguage\":\"en-GB\",\"@id\":\"https:\\\/\\\/antoniojosebalado.com\\\/productos\\\/#primaryimage\",\"url\":\"https:\\\/\\\/antoniojosebalado.com\\\/wp-content\\\/uploads\\\/2025\\\/08\\\/619-1024x683.jpg\",\"contentUrl\":\"https:\\\/\\\/antoniojosebalado.com\\\/wp-content\\\/uploads\\\/2025\\\/08\\\/619-1024x683.jpg\"},{\"@type\":\"BreadcrumbList\",\"@id\":\"https:\\\/\\\/antoniojosebalado.com\\\/productos\\\/#breadcrumb\",\"itemListElement\":[{\"@type\":\"ListItem\",\"position\":1,\"name\":\"Portada\",\"item\":\"https:\\\/\\\/antoniojosebalado.com\\\/\"},{\"@type\":\"ListItem\",\"position\":2,\"name\":\"Productos\"}]},{\"@type\":\"WebSite\",\"@id\":\"https:\\\/\\\/antoniojosebalado.com\\\/#website\",\"url\":\"https:\\\/\\\/antoniojosebalado.com\\\/\",\"name\":\"Juguetes Baes Cabalgatas\",\"description\":\"Juguetes, pelotas,chucher\u00edas\",\"publisher\":{\"@id\":\"https:\\\/\\\/antoniojosebalado.com\\\/#organization\"},\"potentialAction\":[{\"@type\":\"SearchAction\",\"target\":{\"@type\":\"EntryPoint\",\"urlTemplate\":\"https:\\\/\\\/antoniojosebalado.com\\\/?s={search_term_string}\"},\"query-input\":{\"@type\":\"PropertyValueSpecification\",\"valueRequired\":true,\"valueName\":\"search_term_string\"}}],\"inLanguage\":\"en-GB\"},{\"@type\":\"Organization\",\"@id\":\"https:\\\/\\\/antoniojosebalado.com\\\/#organization\",\"name\":\"Juguetes Baes Cabalgatas\",\"url\":\"https:\\\/\\\/antoniojosebalado.com\\\/\",\"logo\":{\"@type\":\"ImageObject\",\"inLanguage\":\"en-GB\",\"@id\":\"https:\\\/\\\/antoniojosebalado.com\\\/#\\\/schema\\\/logo\\\/image\\\/\",\"url\":\"https:\\\/\\\/antoniojosebalado.com\\\/wp-content\\\/uploads\\\/2025\\\/08\\\/cropped-2.png\",\"contentUrl\":\"https:\\\/\\\/antoniojosebalado.com\\\/wp-content\\\/uploads\\\/2025\\\/08\\\/cropped-2.png\",\"width\":803,\"height\":803,\"caption\":\"Juguetes Baes Cabalgatas\"},\"image\":{\"@id\":\"https:\\\/\\\/antoniojosebalado.com\\\/#\\\/schema\\\/logo\\\/image\\\/\"}}]}<\/script>\n<!-- \/ Yoast SEO plugin. -->","yoast_head_json":{"title":"Productos - Juguetes Baes Cabalgatas","robots":{"index":"index","follow":"follow","max-snippet":"max-snippet:-1","max-image-preview":"max-image-preview:large","max-video-preview":"max-video-preview:-1"},"canonical":"https:\/\/antoniojosebalado.com\/en\/productos\/","og_locale":"en_GB","og_type":"article","og_title":"Productos - Juguetes Baes Cabalgatas","og_description":"Productos &amp; Servicios Juguetes y Pelotas Disponemos de una gran variedad de art\u00edculos para lanzar durante el desfile: Pelotas de diferentes tama\u00f1os y colores Juguetes peque\u00f1os, seguros y resistentes Chucher\u00edas y Golosinas Bolsas surtidas para lanzar desde las carrozas Chucher\u00edas individuales y por kilos Productos aptos para cel\u00edacos y sin al\u00e9rgenos (bajo pedido) Alquiler de [&hellip;]","og_url":"https:\/\/antoniojosebalado.com\/en\/productos\/","og_site_name":"Juguetes Baes Cabalgatas","article_modified_time":"2026-03-17T17:11:54+00:00","og_image":[{"width":1500,"height":1001,"url":"https:\/\/antoniojosebalado.com\/wp-content\/uploads\/2025\/08\/619.jpg","type":"image\/jpeg"}],"twitter_card":"summary_large_image","twitter_misc":{"Estimated reading time":"1 minute"},"schema":{"@context":"https:\/\/schema.org","@graph":[{"@type":"WebPage","@id":"https:\/\/antoniojosebalado.com\/productos\/","url":"https:\/\/antoniojosebalado.com\/productos\/","name":"Productos - Juguetes Baes Cabalgatas","isPartOf":{"@id":"https:\/\/antoniojosebalado.com\/#website"},"primaryImageOfPage":{"@id":"https:\/\/antoniojosebalado.com\/productos\/#primaryimage"},"image":{"@id":"https:\/\/antoniojosebalado.com\/productos\/#primaryimage"},"thumbnailUrl":"https:\/\/antoniojosebalado.com\/wp-content\/uploads\/2025\/08\/619-1024x683.jpg","datePublished":"2025-08-04T09:30:40+00:00","dateModified":"2026-03-17T17:11:54+00:00","breadcrumb":{"@id":"https:\/\/antoniojosebalado.com\/productos\/#breadcrumb"},"inLanguage":"en-GB","potentialAction":[{"@type":"ReadAction","target":["https:\/\/antoniojosebalado.com\/productos\/"]}]},{"@type":"ImageObject","inLanguage":"en-GB","@id":"https:\/\/antoniojosebalado.com\/productos\/#primaryimage","url":"https:\/\/antoniojosebalado.com\/wp-content\/uploads\/2025\/08\/619-1024x683.jpg","contentUrl":"https:\/\/antoniojosebalado.com\/wp-content\/uploads\/2025\/08\/619-1024x683.jpg"},{"@type":"BreadcrumbList","@id":"https:\/\/antoniojosebalado.com\/productos\/#breadcrumb","itemListElement":[{"@type":"ListItem","position":1,"name":"Portada","item":"https:\/\/antoniojosebalado.com\/"},{"@type":"ListItem","position":2,"name":"Productos"}]},{"@type":"WebSite","@id":"https:\/\/antoniojosebalado.com\/#website","url":"https:\/\/antoniojosebalado.com\/","name":"Juguetes Baes Cabalgatas","description":"Juguetes, pelotas,chucher\u00edas","publisher":{"@id":"https:\/\/antoniojosebalado.com\/#organization"},"potentialAction":[{"@type":"SearchAction","target":{"@type":"EntryPoint","urlTemplate":"https:\/\/antoniojosebalado.com\/?s={search_term_string}"},"query-input":{"@type":"PropertyValueSpecification","valueRequired":true,"valueName":"search_term_string"}}],"inLanguage":"en-GB"},{"@type":"Organization","@id":"https:\/\/antoniojosebalado.com\/#organization","name":"Juguetes Baes Cabalgatas","url":"https:\/\/antoniojosebalado.com\/","logo":{"@type":"ImageObject","inLanguage":"en-GB","@id":"https:\/\/antoniojosebalado.com\/#\/schema\/logo\/image\/","url":"https:\/\/antoniojosebalado.com\/wp-content\/uploads\/2025\/08\/cropped-2.png","contentUrl":"https:\/\/antoniojosebalado.com\/wp-content\/uploads\/2025\/08\/cropped-2.png","width":803,"height":803,"caption":"Juguetes Baes Cabalgatas"},"image":{"@id":"https:\/\/antoniojosebalado.com\/#\/schema\/logo\/image\/"}}]}},"_links":{"self":[{"href":"https:\/\/antoniojosebalado.com\/en\/wp-json\/wp\/v2\/pages\/21","targetHints":{"allow":["GET"]}}],"collection":[{"href":"https:\/\/antoniojosebalado.com\/en\/wp-json\/wp\/v2\/pages"}],"about":[{"href":"https:\/\/antoniojosebalado.com\/en\/wp-json\/wp\/v2\/types\/page"}],"author":[{"embeddable":true,"href":"https:\/\/antoniojosebalado.com\/en\/wp-json\/wp\/v2\/users\/1"}],"replies":[{"embeddable":true,"href":"https:\/\/antoniojosebalado.com\/en\/wp-json\/wp\/v2\/comments?post=21"}],"version-history":[{"count":43,"href":"https:\/\/antoniojosebalado.com\/en\/wp-json\/wp\/v2\/pages\/21\/revisions"}],"predecessor-version":[{"id":267,"href":"https:\/\/antoniojosebalado.com\/en\/wp-json\/wp\/v2\/pages\/21\/revisions\/267"}],"wp:attachment":[{"href":"https:\/\/antoniojosebalado.com\/en\/wp-json\/wp\/v2\/media?parent=21"}],"curies":[{"name":"wp","href":"https:\/\/api.w.org\/{rel}","templated":true}]}}