{"id":18,"date":"2025-08-04T09:30:08","date_gmt":"2025-08-04T09:30:08","guid":{"rendered":"https:\/\/antoniojosebalado.rkinformatika.online\/?page_id=18"},"modified":"2026-03-17T17:11:38","modified_gmt":"2026-03-17T17:11:38","slug":"inicio","status":"publish","type":"page","link":"https:\/\/antoniojosebalado.com\/en\/","title":{"rendered":"Home"},"content":{"rendered":"<div data-elementor-type=\"wp-page\" data-elementor-id=\"18\" class=\"elementor elementor-18\" data-elementor-post-type=\"page\">\n\t\t\t\t<div class=\"elementor-element elementor-element-6b7a1e3 e-flex e-con-boxed e-con e-parent\" data-id=\"6b7a1e3\" data-element_type=\"container\" data-e-type=\"container\" data-settings=\"{&quot;background_background&quot;:&quot;classic&quot;}\">\n\t\t\t\t\t<div class=\"e-con-inner\">\n\t\t\t\t<div class=\"elementor-element elementor-element-46911f1 elementor-widget__width-initial elementor-widget-mobile__width-inherit elementor-invisible elementor-widget elementor-widget-heading\" data-id=\"46911f1\" data-element_type=\"widget\" data-e-type=\"widget\" data-settings=\"{&quot;_animation&quot;:&quot;fadeInLeft&quot;}\" data-widget_type=\"heading.default\">\n\t\t\t\t\t<h1 class=\"elementor-heading-title elementor-size-default\">Toys <br>\nBaes Cabalgatas<\/h1>\t\t\t\t<\/div>\n\t\t\t\t\t<\/div>\n\t\t\t\t<\/div>\n\t\t<div class=\"elementor-element elementor-element-1230d7a e-flex e-con-boxed e-con e-parent\" data-id=\"1230d7a\" data-element_type=\"container\" data-e-type=\"container\" data-settings=\"{&quot;background_background&quot;:&quot;classic&quot;}\">\n\t\t\t\t\t<div class=\"e-con-inner\">\n\t\t<div class=\"elementor-element elementor-element-43f4943 e-con-full e-flex e-con e-child\" data-id=\"43f4943\" data-element_type=\"container\" data-e-type=\"container\">\n\t\t\t\t<div class=\"elementor-element elementor-element-3c76d4d elementor-widget elementor-widget-heading\" data-id=\"3c76d4d\" data-element_type=\"widget\" data-e-type=\"widget\" data-widget_type=\"heading.default\">\n\t\t\t\t\t<h2 class=\"elementor-heading-title elementor-size-default\">About Us<\/h2>\t\t\t\t<\/div>\n\t\t\t\t<div class=\"elementor-element elementor-element-11c0d6d elementor-widget elementor-widget-text-editor\" data-id=\"11c0d6d\" data-element_type=\"widget\" data-e-type=\"widget\" data-widget_type=\"text-editor.default\">\n\t\t\t\t\t\t\t\t\t<p data-start=\"154\" data-end=\"497\">At Baes Cabalgatas, located in Salteras (Seville), we specialize in everything related to the organization and supply of materials for Three Kings parades. We were born with a clear purpose: to offer a comprehensive service that makes preparing this very special event easier, keeping the excitement and tradition alive.<\/p><p data-start=\"499\" data-end=\"683\">With years of experience in the sector, we have established ourselves as a benchmark for town councils, associations, and festival committees seeking quality, commitment, and professionalism.<\/p>\t\t\t\t\t\t\t\t<\/div>\n\t\t\t\t<\/div>\n\t\t<div class=\"elementor-element elementor-element-1e142e6 e-con-full e-flex e-con e-child\" data-id=\"1e142e6\" data-element_type=\"container\" data-e-type=\"container\">\n\t\t\t\t<div class=\"elementor-element elementor-element-20bb7c5 elementor-widget elementor-widget-image\" data-id=\"20bb7c5\" data-element_type=\"widget\" data-e-type=\"widget\" data-widget_type=\"image.default\">\n\t\t\t\t\t\t\t\t\t\t\t\t\t\t\t<img fetchpriority=\"high\" decoding=\"async\" width=\"796\" height=\"1024\" src=\"https:\/\/antoniojosebalado.com\/wp-content\/uploads\/2025\/08\/freepik__the-style-is-candid-image-photography-with-natural__54065-796x1024.png\" class=\"attachment-large size-large wp-image-112\" alt=\"\" srcset=\"https:\/\/antoniojosebalado.com\/wp-content\/uploads\/2025\/08\/freepik__the-style-is-candid-image-photography-with-natural__54065-796x1024.png 796w, https:\/\/antoniojosebalado.com\/wp-content\/uploads\/2025\/08\/freepik__the-style-is-candid-image-photography-with-natural__54065-233x300.png 233w, https:\/\/antoniojosebalado.com\/wp-content\/uploads\/2025\/08\/freepik__the-style-is-candid-image-photography-with-natural__54065-768x987.png 768w, https:\/\/antoniojosebalado.com\/wp-content\/uploads\/2025\/08\/freepik__the-style-is-candid-image-photography-with-natural__54065-9x12.png 9w, https:\/\/antoniojosebalado.com\/wp-content\/uploads\/2025\/08\/freepik__the-style-is-candid-image-photography-with-natural__54065.png 896w\" sizes=\"(max-width: 796px) 100vw, 796px\" \/>\t\t\t\t\t\t\t\t\t\t\t\t\t\t\t<\/div>\n\t\t\t\t<\/div>\n\t\t\t\t\t<\/div>\n\t\t\t\t<\/div>\n\t\t<div class=\"elementor-element elementor-element-a3d01fa e-con-full e-flex e-con e-parent\" data-id=\"a3d01fa\" data-element_type=\"container\" data-e-type=\"container\" data-settings=\"{&quot;background_background&quot;:&quot;classic&quot;}\">\n\t\t\t\t<div class=\"elementor-element elementor-element-1a9102b elementor-cta--skin-cover elementor-cta--valign-middle elementor-animated-content elementor-bg-transform elementor-bg-transform-zoom-in elementor-widget elementor-widget-call-to-action\" data-id=\"1a9102b\" data-element_type=\"widget\" data-e-type=\"widget\" data-widget_type=\"call-to-action.default\">\n\t\t\t\t\t\t\t<div class=\"elementor-cta\">\n\t\t\t\t\t<div class=\"elementor-cta__bg-wrapper\">\n\t\t\t\t<div class=\"elementor-cta__bg elementor-bg\" style=\"background-image: url(https:\/\/antoniojosebalado.com\/wp-content\/uploads\/2025\/08\/Sin-titulo-1500-x-800-px.png);\" role=\"img\" aria-label=\"Sin t\u00edtulo (1500 x 800 px)\"><\/div>\n\t\t\t\t<div class=\"elementor-cta__bg-overlay\"><\/div>\n\t\t\t<\/div>\n\t\t\t\t\t\t\t<div class=\"elementor-cta__content\">\n\t\t\t\t\n\t\t\t\t\t\t\t\t\t<h3 class=\"elementor-cta__title elementor-cta__content-item elementor-content-item elementor-animated-item--grow\">\n\t\t\t\t\t\tToys, sweets, costumes, and floats\u2026 and so much more awaits you!\t\t\t\t\t<\/h3>\n\t\t\t\t\n\t\t\t\t\t\t\t\t\t<div class=\"elementor-cta__description elementor-cta__content-item elementor-content-item elementor-animated-item--grow\">\n\t\t\t\t\t\tWe\u2019re waiting for you with everything your parade needs. Come visit us!\t\t\t\t\t<\/div>\n\t\t\t\t\n\t\t\t\t\t\t\t\t\t<div class=\"elementor-cta__button-wrapper elementor-cta__content-item elementor-content-item elementor-animated-item--grow\">\n\t\t\t\t\t<a class=\"elementor-cta__button elementor-button elementor-size-\" href=\"https:\/\/antoniojosebalado.com\/en\/productos\/\">\n\t\t\t\t\t\tProducts\t\t\t\t\t<\/a>\n\t\t\t\t\t<\/div>\n\t\t\t\t\t\t\t<\/div>\n\t\t\t\t\t\t<\/div>\n\t\t\t\t\t\t<\/div>\n\t\t\t\t<\/div>\n\t\t\t\t<\/div>","protected":false},"excerpt":{"rendered":"<p>Juguetes Baes Cabalgatas Sobre Nosotros En Baes Cabalgatas, ubicados en Salteras (Sevilla), somos especialistas en todo lo relacionado con la organizaci\u00f3n y suministro de materiales para cabalgatas de Reyes Magos. Nacimos con un prop\u00f3sito claro: ofrecer un servicio integral que facilite la preparaci\u00f3n de este evento tan especial, manteniendo viva la ilusi\u00f3n y la tradici\u00f3n. [&hellip;]<\/p>\n","protected":false},"author":1,"featured_media":0,"parent":0,"menu_order":0,"comment_status":"closed","ping_status":"closed","template":"elementor_canvas","meta":{"footnotes":""},"class_list":["post-18","page","type-page","status-publish","hentry"],"yoast_head":"<!-- This site is optimized with the Yoast SEO plugin v27.3 - https:\/\/yoast.com\/product\/yoast-seo-wordpress\/ -->\n<title>Inicio - Juguetes Baes Cabalgatas<\/title>\n<meta name=\"robots\" content=\"index, follow, max-snippet:-1, max-image-preview:large, max-video-preview:-1\" \/>\n<link rel=\"canonical\" href=\"https:\/\/antoniojosebalado.com\/en\/\" \/>\n<meta property=\"og:locale\" content=\"en_GB\" \/>\n<meta property=\"og:type\" content=\"article\" \/>\n<meta property=\"og:title\" content=\"Inicio - Juguetes Baes Cabalgatas\" \/>\n<meta property=\"og:description\" content=\"Juguetes Baes Cabalgatas Sobre Nosotros En Baes Cabalgatas, ubicados en Salteras (Sevilla), somos especialistas en todo lo relacionado con la organizaci\u00f3n y suministro de materiales para cabalgatas de Reyes Magos. Nacimos con un prop\u00f3sito claro: ofrecer un servicio integral que facilite la preparaci\u00f3n de este evento tan especial, manteniendo viva la ilusi\u00f3n y la tradici\u00f3n. [&hellip;]\" \/>\n<meta property=\"og:url\" content=\"https:\/\/antoniojosebalado.com\/en\/\" \/>\n<meta property=\"og:site_name\" content=\"Juguetes Baes Cabalgatas\" \/>\n<meta property=\"article:modified_time\" content=\"2026-03-17T17:11:38+00:00\" \/>\n<meta property=\"og:image\" content=\"https:\/\/antoniojosebalado.com\/wp-content\/uploads\/2025\/08\/freepik__the-style-is-candid-image-photography-with-natural__54065.png\" \/>\n\t<meta property=\"og:image:width\" content=\"896\" \/>\n\t<meta property=\"og:image:height\" content=\"1152\" \/>\n\t<meta property=\"og:image:type\" content=\"image\/png\" \/>\n<meta name=\"twitter:card\" content=\"summary_large_image\" \/>\n<meta name=\"twitter:label1\" content=\"Estimated reading time\" \/>\n\t<meta name=\"twitter:data1\" content=\"1 minute\" \/>\n<script type=\"application\/ld+json\" class=\"yoast-schema-graph\">{\"@context\":\"https:\\\/\\\/schema.org\",\"@graph\":[{\"@type\":\"WebPage\",\"@id\":\"https:\\\/\\\/antoniojosebalado.com\\\/\",\"url\":\"https:\\\/\\\/antoniojosebalado.com\\\/\",\"name\":\"Inicio - Juguetes Baes Cabalgatas\",\"isPartOf\":{\"@id\":\"https:\\\/\\\/antoniojosebalado.com\\\/#website\"},\"primaryImageOfPage\":{\"@id\":\"https:\\\/\\\/antoniojosebalado.com\\\/#primaryimage\"},\"image\":{\"@id\":\"https:\\\/\\\/antoniojosebalado.com\\\/#primaryimage\"},\"thumbnailUrl\":\"https:\\\/\\\/antoniojosebalado.com\\\/wp-content\\\/uploads\\\/2025\\\/08\\\/freepik__the-style-is-candid-image-photography-with-natural__54065-796x1024.png\",\"datePublished\":\"2025-08-04T09:30:08+00:00\",\"dateModified\":\"2026-03-17T17:11:38+00:00\",\"breadcrumb\":{\"@id\":\"https:\\\/\\\/antoniojosebalado.com\\\/#breadcrumb\"},\"inLanguage\":\"en-GB\",\"potentialAction\":[{\"@type\":\"ReadAction\",\"target\":[\"https:\\\/\\\/antoniojosebalado.com\\\/\"]}]},{\"@type\":\"ImageObject\",\"inLanguage\":\"en-GB\",\"@id\":\"https:\\\/\\\/antoniojosebalado.com\\\/#primaryimage\",\"url\":\"https:\\\/\\\/antoniojosebalado.com\\\/wp-content\\\/uploads\\\/2025\\\/08\\\/freepik__the-style-is-candid-image-photography-with-natural__54065-796x1024.png\",\"contentUrl\":\"https:\\\/\\\/antoniojosebalado.com\\\/wp-content\\\/uploads\\\/2025\\\/08\\\/freepik__the-style-is-candid-image-photography-with-natural__54065-796x1024.png\"},{\"@type\":\"BreadcrumbList\",\"@id\":\"https:\\\/\\\/antoniojosebalado.com\\\/#breadcrumb\",\"itemListElement\":[{\"@type\":\"ListItem\",\"position\":1,\"name\":\"Portada\",\"item\":\"https:\\\/\\\/antoniojosebalado.com\\\/\"},{\"@type\":\"ListItem\",\"position\":2,\"name\":\"Inicio\"}]},{\"@type\":\"WebSite\",\"@id\":\"https:\\\/\\\/antoniojosebalado.com\\\/#website\",\"url\":\"https:\\\/\\\/antoniojosebalado.com\\\/\",\"name\":\"Juguetes Baes Cabalgatas\",\"description\":\"Juguetes, pelotas,chucher\u00edas\",\"publisher\":{\"@id\":\"https:\\\/\\\/antoniojosebalado.com\\\/#organization\"},\"potentialAction\":[{\"@type\":\"SearchAction\",\"target\":{\"@type\":\"EntryPoint\",\"urlTemplate\":\"https:\\\/\\\/antoniojosebalado.com\\\/?s={search_term_string}\"},\"query-input\":{\"@type\":\"PropertyValueSpecification\",\"valueRequired\":true,\"valueName\":\"search_term_string\"}}],\"inLanguage\":\"en-GB\"},{\"@type\":\"Organization\",\"@id\":\"https:\\\/\\\/antoniojosebalado.com\\\/#organization\",\"name\":\"Juguetes Baes Cabalgatas\",\"url\":\"https:\\\/\\\/antoniojosebalado.com\\\/\",\"logo\":{\"@type\":\"ImageObject\",\"inLanguage\":\"en-GB\",\"@id\":\"https:\\\/\\\/antoniojosebalado.com\\\/#\\\/schema\\\/logo\\\/image\\\/\",\"url\":\"https:\\\/\\\/antoniojosebalado.com\\\/wp-content\\\/uploads\\\/2025\\\/08\\\/cropped-2.png\",\"contentUrl\":\"https:\\\/\\\/antoniojosebalado.com\\\/wp-content\\\/uploads\\\/2025\\\/08\\\/cropped-2.png\",\"width\":803,\"height\":803,\"caption\":\"Juguetes Baes Cabalgatas\"},\"image\":{\"@id\":\"https:\\\/\\\/antoniojosebalado.com\\\/#\\\/schema\\\/logo\\\/image\\\/\"}}]}<\/script>\n<!-- \/ Yoast SEO plugin. -->","yoast_head_json":{"title":"Inicio - Juguetes Baes Cabalgatas","robots":{"index":"index","follow":"follow","max-snippet":"max-snippet:-1","max-image-preview":"max-image-preview:large","max-video-preview":"max-video-preview:-1"},"canonical":"https:\/\/antoniojosebalado.com\/en\/","og_locale":"en_GB","og_type":"article","og_title":"Inicio - Juguetes Baes Cabalgatas","og_description":"Juguetes Baes Cabalgatas Sobre Nosotros En Baes Cabalgatas, ubicados en Salteras (Sevilla), somos especialistas en todo lo relacionado con la organizaci\u00f3n y suministro de materiales para cabalgatas de Reyes Magos. Nacimos con un prop\u00f3sito claro: ofrecer un servicio integral que facilite la preparaci\u00f3n de este evento tan especial, manteniendo viva la ilusi\u00f3n y la tradici\u00f3n. [&hellip;]","og_url":"https:\/\/antoniojosebalado.com\/en\/","og_site_name":"Juguetes Baes Cabalgatas","article_modified_time":"2026-03-17T17:11:38+00:00","og_image":[{"width":896,"height":1152,"url":"https:\/\/antoniojosebalado.com\/wp-content\/uploads\/2025\/08\/freepik__the-style-is-candid-image-photography-with-natural__54065.png","type":"image\/png"}],"twitter_card":"summary_large_image","twitter_misc":{"Estimated reading time":"1 minute"},"schema":{"@context":"https:\/\/schema.org","@graph":[{"@type":"WebPage","@id":"https:\/\/antoniojosebalado.com\/","url":"https:\/\/antoniojosebalado.com\/","name":"Inicio - Juguetes Baes Cabalgatas","isPartOf":{"@id":"https:\/\/antoniojosebalado.com\/#website"},"primaryImageOfPage":{"@id":"https:\/\/antoniojosebalado.com\/#primaryimage"},"image":{"@id":"https:\/\/antoniojosebalado.com\/#primaryimage"},"thumbnailUrl":"https:\/\/antoniojosebalado.com\/wp-content\/uploads\/2025\/08\/freepik__the-style-is-candid-image-photography-with-natural__54065-796x1024.png","datePublished":"2025-08-04T09:30:08+00:00","dateModified":"2026-03-17T17:11:38+00:00","breadcrumb":{"@id":"https:\/\/antoniojosebalado.com\/#breadcrumb"},"inLanguage":"en-GB","potentialAction":[{"@type":"ReadAction","target":["https:\/\/antoniojosebalado.com\/"]}]},{"@type":"ImageObject","inLanguage":"en-GB","@id":"https:\/\/antoniojosebalado.com\/#primaryimage","url":"https:\/\/antoniojosebalado.com\/wp-content\/uploads\/2025\/08\/freepik__the-style-is-candid-image-photography-with-natural__54065-796x1024.png","contentUrl":"https:\/\/antoniojosebalado.com\/wp-content\/uploads\/2025\/08\/freepik__the-style-is-candid-image-photography-with-natural__54065-796x1024.png"},{"@type":"BreadcrumbList","@id":"https:\/\/antoniojosebalado.com\/#breadcrumb","itemListElement":[{"@type":"ListItem","position":1,"name":"Portada","item":"https:\/\/antoniojosebalado.com\/"},{"@type":"ListItem","position":2,"name":"Inicio"}]},{"@type":"WebSite","@id":"https:\/\/antoniojosebalado.com\/#website","url":"https:\/\/antoniojosebalado.com\/","name":"Juguetes Baes Cabalgatas","description":"Juguetes, pelotas,chucher\u00edas","publisher":{"@id":"https:\/\/antoniojosebalado.com\/#organization"},"potentialAction":[{"@type":"SearchAction","target":{"@type":"EntryPoint","urlTemplate":"https:\/\/antoniojosebalado.com\/?s={search_term_string}"},"query-input":{"@type":"PropertyValueSpecification","valueRequired":true,"valueName":"search_term_string"}}],"inLanguage":"en-GB"},{"@type":"Organization","@id":"https:\/\/antoniojosebalado.com\/#organization","name":"Juguetes Baes Cabalgatas","url":"https:\/\/antoniojosebalado.com\/","logo":{"@type":"ImageObject","inLanguage":"en-GB","@id":"https:\/\/antoniojosebalado.com\/#\/schema\/logo\/image\/","url":"https:\/\/antoniojosebalado.com\/wp-content\/uploads\/2025\/08\/cropped-2.png","contentUrl":"https:\/\/antoniojosebalado.com\/wp-content\/uploads\/2025\/08\/cropped-2.png","width":803,"height":803,"caption":"Juguetes Baes Cabalgatas"},"image":{"@id":"https:\/\/antoniojosebalado.com\/#\/schema\/logo\/image\/"}}]}},"_links":{"self":[{"href":"https:\/\/antoniojosebalado.com\/en\/wp-json\/wp\/v2\/pages\/18","targetHints":{"allow":["GET"]}}],"collection":[{"href":"https:\/\/antoniojosebalado.com\/en\/wp-json\/wp\/v2\/pages"}],"about":[{"href":"https:\/\/antoniojosebalado.com\/en\/wp-json\/wp\/v2\/types\/page"}],"author":[{"embeddable":true,"href":"https:\/\/antoniojosebalado.com\/en\/wp-json\/wp\/v2\/users\/1"}],"replies":[{"embeddable":true,"href":"https:\/\/antoniojosebalado.com\/en\/wp-json\/wp\/v2\/comments?post=18"}],"version-history":[{"count":55,"href":"https:\/\/antoniojosebalado.com\/en\/wp-json\/wp\/v2\/pages\/18\/revisions"}],"predecessor-version":[{"id":264,"href":"https:\/\/antoniojosebalado.com\/en\/wp-json\/wp\/v2\/pages\/18\/revisions\/264"}],"wp:attachment":[{"href":"https:\/\/antoniojosebalado.com\/en\/wp-json\/wp\/v2\/media?parent=18"}],"curies":[{"name":"wp","href":"https:\/\/api.w.org\/{rel}","templated":true}]}}